{"id":24,"date":"2026-02-20T10:15:05","date_gmt":"2026-02-20T10:15:05","guid":{"rendered":"https:\/\/karateberlin.de\/?page_id=24"},"modified":"2026-02-20T10:15:05","modified_gmt":"2026-02-20T10:15:05","slug":"mitgliedschaft","status":"publish","type":"page","link":"https:\/\/karateberlin.de\/?page_id=24","title":{"rendered":"Mitgliedschaft"},"content":{"rendered":"\n<p>Wir bieten drei verschiedene M\u00f6glichkeiten einer Mitgliedschaft an:<\/p>\n\n\n\n<p><\/p>\n\n\n\n<p><strong>Ordentliche Mitgliedschaft:<\/strong> 50 \u20ac im Monat (+ Aufnahmegeb\u00fchr in H\u00f6he von 5\u20ac): inklusive Mitgliedschaft im<br>Deutschen Karate Verband und Jahressichtmarke.<\/p>\n\n\n\n<p><em>Offen f\u00fcr alle, die ihre Wettkampfleistungen verbessern m\u00f6chten.<\/em><\/p>\n\n\n\n<p><\/p>\n\n\n\n<p><strong>Partnermitgliedschaft:<\/strong> 60 \u20acim Jahr (+ Aufnahmegeb\u00fchr in H\u00f6he von 5\u20ac): inklusive Mitgliedschaft im<br>Deutschen Karate Verband und Jahressichtmarke.<\/p>\n\n\n\n<p><em>Nur f\u00fcr Sportler, die bereits Mitglieder in einem Partner-Dojo sind.<\/em><\/p>\n\n\n\n<p><\/p>\n\n\n\n<p><strong>F\u00f6rdermitgliedschaft: <\/strong>Mindestens 25\u20ac + Aufnahmegeb\u00fchr in H\u00f6he von 5\u20ac<\/p>\n\n\n\n<p><em>F\u00fcr alle, die unsere sportlichen Erfolge unterst\u00fctzen m\u00f6chten.<\/em><\/p>\n","protected":false},"excerpt":{"rendered":"<p>Wir bieten drei verschiedene M\u00f6glichkeiten einer Mitgliedschaft an: Ordentliche Mitgliedschaft: 50 \u20ac im Monat (+ Aufnahmegeb\u00fchr in H\u00f6he von 5\u20ac): inklusive Mitgliedschaft imDeutschen Karate Verband und Jahressichtmarke. Offen f\u00fcr alle, die ihre Wettkampfleistungen verbessern m\u00f6chten. Partnermitgliedschaft: 60 \u20acim Jahr (+ Aufnahmegeb\u00fchr in H\u00f6he von 5\u20ac): inklusive Mitgliedschaft imDeutschen Karate Verband und Jahressichtmarke. Nur f\u00fcr Sportler, [&hellip;]<\/p>\n","protected":false},"author":1,"featured_media":0,"parent":0,"menu_order":0,"comment_status":"closed","ping_status":"closed","template":"","meta":{"footnotes":""},"class_list":["post-24","page","type-page","status-publish","hentry"],"_links":{"self":[{"href":"https:\/\/karateberlin.de\/index.php?rest_route=\/wp\/v2\/pages\/24","targetHints":{"allow":["GET"]}}],"collection":[{"href":"https:\/\/karateberlin.de\/index.php?rest_route=\/wp\/v2\/pages"}],"about":[{"href":"https:\/\/karateberlin.de\/index.php?rest_route=\/wp\/v2\/types\/page"}],"author":[{"embeddable":true,"href":"https:\/\/karateberlin.de\/index.php?rest_route=\/wp\/v2\/users\/1"}],"replies":[{"embeddable":true,"href":"https:\/\/karateberlin.de\/index.php?rest_route=%2Fwp%2Fv2%2Fcomments&post=24"}],"version-history":[{"count":1,"href":"https:\/\/karateberlin.de\/index.php?rest_route=\/wp\/v2\/pages\/24\/revisions"}],"predecessor-version":[{"id":25,"href":"https:\/\/karateberlin.de\/index.php?rest_route=\/wp\/v2\/pages\/24\/revisions\/25"}],"wp:attachment":[{"href":"https:\/\/karateberlin.de\/index.php?rest_route=%2Fwp%2Fv2%2Fmedia&parent=24"}],"curies":[{"name":"wp","href":"https:\/\/api.w.org\/{rel}","templated":true}]}}