{"id":3,"date":"2026-02-19T20:46:03","date_gmt":"2026-02-19T20:46:03","guid":{"rendered":"https:\/\/karateberlin.de\/?page_id=3"},"modified":"2026-02-20T09:38:36","modified_gmt":"2026-02-20T09:38:36","slug":"privacy-policy","status":"publish","type":"page","link":"https:\/\/karateberlin.de\/?page_id=3","title":{"rendered":"Impressum"},"content":{"rendered":"\n<h2 class=\"wp-block-heading\">Angaben gem\u00e4\u00df \u00a7 5 TMG<\/h2>\n\n\n\n<p><strong>Zanshin Karate Do Berlin e.V.<\/strong><br>Anhaltinerstra\u00dfe 7<br>14163 Berlin<br>Deutschland<\/p>\n\n\n\n<p>Vertreten durch den Vorstand gem\u00e4\u00df \u00a7 26 BGB:<br>Ekaterina Tsoy Simoes Pires, Vorsitzende<br>Ilona Schumacher, Kassenwart<br>Mirjam Bechler, 2. Vorsitzende<\/p>\n\n\n\n<hr class=\"wp-block-separator has-alpha-channel-opacity\"\/>\n\n\n\n<h2 class=\"wp-block-heading\">Kontakt<\/h2>\n\n\n\n<p>E-Mail: zanshin.berlin (\u00e4t) gmail.com<br><\/p>\n\n\n\n<hr class=\"wp-block-separator has-alpha-channel-opacity\"\/>\n\n\n\n<h2 class=\"wp-block-heading\">Vereinsregister<\/h2>\n\n\n\n<p>Eingetragen im Vereinsregister.<br>Registergericht: Amtsgericht Berlin<br>Registernummer: VR 40084<\/p>\n\n\n\n<hr class=\"wp-block-separator has-alpha-channel-opacity\"\/>\n\n\n\n<h2 class=\"wp-block-heading\">Verbandszugeh\u00f6rigkeit<\/h2>\n\n\n\n<p>Mitglied im Deutscher Karate Verband<br>Mitglied der World Karate Federation<\/p>\n\n\n\n<hr class=\"wp-block-separator has-alpha-channel-opacity\"\/>\n\n\n\n<h2 class=\"wp-block-heading\">Haftung f\u00fcr Inhalte<\/h2>\n\n\n\n<p>Als Diensteanbieter sind wir gem\u00e4\u00df \u00a7 7 Abs.1 TMG f\u00fcr eigene Inhalte auf diesen Seiten nach den allgemeinen Gesetzen verantwortlich.<br>Nach \u00a7\u00a7 8 bis 10 TMG sind wir als Diensteanbieter jedoch nicht verpflichtet, \u00fcbermittelte oder gespeicherte fremde Informationen zu \u00fcberwachen oder nach Umst\u00e4nden zu forschen, die auf eine rechtswidrige T\u00e4tigkeit hinweisen.<\/p>\n\n\n\n<hr class=\"wp-block-separator has-alpha-channel-opacity\"\/>\n\n\n\n<h2 class=\"wp-block-heading\">Haftung f\u00fcr Links<\/h2>\n\n\n\n<p>Unsere Website enth\u00e4lt Links zu externen Websites Dritter, auf deren Inhalte wir keinen Einfluss haben. Deshalb k\u00f6nnen wir f\u00fcr diese fremden Inhalte auch keine Gew\u00e4hr \u00fcbernehmen. F\u00fcr die Inhalte der verlinkten Seiten ist stets der jeweilige Anbieter oder Betreiber der Seiten verantwortlich.<\/p>\n\n\n\n<hr class=\"wp-block-separator has-alpha-channel-opacity\"\/>\n\n\n\n<h2 class=\"wp-block-heading\">Urheberrecht<\/h2>\n\n\n\n<p>Die durch die Seitenbetreiber erstellten Inhalte und Werke auf diesen Seiten unterliegen dem deutschen Urheberrecht.<br>Die Vervielf\u00e4ltigung, Bearbeitung, Verbreitung und jede Art der Verwertung au\u00dferhalb der Grenzen des Urheberrechtes bed\u00fcrfen der schriftlichen Zustimmung des jeweiligen Autors bzw. Erstellers.<\/p>\n","protected":false},"excerpt":{"rendered":"<p>Angaben gem\u00e4\u00df \u00a7 5 TMG Zanshin Karate Do Berlin e.V.Anhaltinerstra\u00dfe 714163 BerlinDeutschland Vertreten durch den Vorstand gem\u00e4\u00df \u00a7 26 BGB:Ekaterina Tsoy Simoes Pires, VorsitzendeIlona Schumacher, KassenwartMirjam Bechler, 2. Vorsitzende Kontakt E-Mail: zanshin.berlin (\u00e4t) gmail.com Vereinsregister Eingetragen im Vereinsregister.Registergericht: Amtsgericht BerlinRegisternummer: VR 40084 Verbandszugeh\u00f6rigkeit Mitglied im Deutscher Karate VerbandMitglied der World Karate Federation Haftung f\u00fcr Inhalte [&hellip;]<\/p>\n","protected":false},"author":1,"featured_media":0,"parent":0,"menu_order":0,"comment_status":"closed","ping_status":"open","template":"","meta":{"footnotes":""},"class_list":["post-3","page","type-page","status-publish","hentry"],"_links":{"self":[{"href":"https:\/\/karateberlin.de\/index.php?rest_route=\/wp\/v2\/pages\/3","targetHints":{"allow":["GET"]}}],"collection":[{"href":"https:\/\/karateberlin.de\/index.php?rest_route=\/wp\/v2\/pages"}],"about":[{"href":"https:\/\/karateberlin.de\/index.php?rest_route=\/wp\/v2\/types\/page"}],"author":[{"embeddable":true,"href":"https:\/\/karateberlin.de\/index.php?rest_route=\/wp\/v2\/users\/1"}],"replies":[{"embeddable":true,"href":"https:\/\/karateberlin.de\/index.php?rest_route=%2Fwp%2Fv2%2Fcomments&post=3"}],"version-history":[{"count":1,"href":"https:\/\/karateberlin.de\/index.php?rest_route=\/wp\/v2\/pages\/3\/revisions"}],"predecessor-version":[{"id":10,"href":"https:\/\/karateberlin.de\/index.php?rest_route=\/wp\/v2\/pages\/3\/revisions\/10"}],"wp:attachment":[{"href":"https:\/\/karateberlin.de\/index.php?rest_route=%2Fwp%2Fv2%2Fmedia&parent=3"}],"curies":[{"name":"wp","href":"https:\/\/api.w.org\/{rel}","templated":true}]}}